{"id":864,"date":"2025-09-16T18:18:58","date_gmt":"2025-09-16T18:18:58","guid":{"rendered":"https:\/\/muotitalomarilyn.fi\/blog\/?post_type=product&#038;p=864"},"modified":"2026-03-26T16:16:40","modified_gmt":"2026-03-26T14:16:40","slug":"anna-montana-dora-farkut-koot-38-50","status":"publish","type":"product","link":"https:\/\/muotitalomarilyn.fi\/blog\/tuote\/anna-montana-dora-farkut-koot-38-50\/","title":{"rendered":"Anna Montana Dora farkut"},"content":{"rendered":"","protected":false},"excerpt":{"rendered":"<div class=\"large-8 column\">\n<p>Vakiomalleihimme kuuluu suositut Anna Montanan Dora-farkut, joissa materiaali on joustavaa ja pehme\u00e4\u00e4 ja vy\u00f6t\u00e4r\u00f6ll\u00e4 on osittainen kuminauha. Dora-malli on lahkeenpituudelta lyhyin mallimme (72 cm) ja se on reisist\u00e4 hieman mahtuvampi malli. Vy\u00f6t\u00e4r\u00f6 tulee mukavasti yl\u00f6s asti. T\u00e4m\u00e4 on yksi myydyimpi\u00e4 farkkumallejamme, ja t\u00e4t\u00e4 l\u00f6ytyy ymp\u00e4ri vuoden sesongin v\u00e4reist\u00e4. Suosittelemme ehdottomasti t\u00e4m\u00e4n farkkumallin kokeilemista!<\/p>\n<p>Koot 38-50<\/p>\n<p>V\u00e4rit t\u00e4ll\u00e4 hetkell\u00e4: valkoinen, ruskea, musta, tummansininen, tummanharmaa, vaaleanharmaa, denim-sininen ja bees<\/p>\n<\/div>\n","protected":false},"featured_media":890,"comment_status":"open","ping_status":"closed","template":"","meta":{"_et_pb_use_builder":"","_et_pb_old_content":"","_et_gb_content_width":""},"product_brand":[],"product_cat":[30],"product_tag":[],"class_list":{"0":"post-864","1":"product","2":"type-product","3":"status-publish","4":"has-post-thumbnail","6":"product_cat-housut","8":"first","9":"instock","10":"shipping-taxable","11":"purchasable","12":"product-type-simple"},"_links":{"self":[{"href":"https:\/\/muotitalomarilyn.fi\/blog\/wp-json\/wp\/v2\/product\/864","targetHints":{"allow":["GET"]}}],"collection":[{"href":"https:\/\/muotitalomarilyn.fi\/blog\/wp-json\/wp\/v2\/product"}],"about":[{"href":"https:\/\/muotitalomarilyn.fi\/blog\/wp-json\/wp\/v2\/types\/product"}],"replies":[{"embeddable":true,"href":"https:\/\/muotitalomarilyn.fi\/blog\/wp-json\/wp\/v2\/comments?post=864"}],"wp:featuredmedia":[{"embeddable":true,"href":"https:\/\/muotitalomarilyn.fi\/blog\/wp-json\/wp\/v2\/media\/890"}],"wp:attachment":[{"href":"https:\/\/muotitalomarilyn.fi\/blog\/wp-json\/wp\/v2\/media?parent=864"}],"wp:term":[{"taxonomy":"product_brand","embeddable":true,"href":"https:\/\/muotitalomarilyn.fi\/blog\/wp-json\/wp\/v2\/product_brand?post=864"},{"taxonomy":"product_cat","embeddable":true,"href":"https:\/\/muotitalomarilyn.fi\/blog\/wp-json\/wp\/v2\/product_cat?post=864"},{"taxonomy":"product_tag","embeddable":true,"href":"https:\/\/muotitalomarilyn.fi\/blog\/wp-json\/wp\/v2\/product_tag?post=864"}],"curies":[{"name":"wp","href":"https:\/\/api.w.org\/{rel}","templated":true}]}}