{"id":1393,"date":"2026-03-05T14:32:56","date_gmt":"2026-03-05T12:32:56","guid":{"rendered":"https:\/\/muotitalomarilyn.fi\/blog\/?post_type=product&#038;p=1393"},"modified":"2026-03-26T15:28:13","modified_gmt":"2026-03-26T13:28:13","slug":"lebek-tikkitakki","status":"publish","type":"product","link":"https:\/\/muotitalomarilyn.fi\/blog\/tuote\/lebek-tikkitakki\/","title":{"rendered":"Lebek tikkitakki"},"content":{"rendered":"","protected":false},"excerpt":{"rendered":"<p>Lebekin k\u00e4\u00e4nt\u00f6tikkitakki nepparikiinnityksell\u00e4.<\/p>\n<p>Koot 38-52<\/p>\n<p>V\u00e4rein\u00e4 roosa, valkoinen ja bees<\/p>\n<p>Tuotetiedot: 100% polyesteri<\/p>\n","protected":false},"featured_media":1394,"comment_status":"closed","ping_status":"closed","template":"","meta":{"_et_pb_use_builder":"","_et_pb_old_content":"","_et_gb_content_width":""},"product_brand":[],"product_cat":[36,27],"product_tag":[],"class_list":{"0":"post-1393","1":"product","2":"type-product","3":"status-publish","4":"has-post-thumbnail","6":"product_cat-lebek","7":"product_cat-takit","9":"first","10":"instock","11":"shipping-taxable","12":"purchasable","13":"product-type-simple"},"_links":{"self":[{"href":"https:\/\/muotitalomarilyn.fi\/blog\/wp-json\/wp\/v2\/product\/1393","targetHints":{"allow":["GET"]}}],"collection":[{"href":"https:\/\/muotitalomarilyn.fi\/blog\/wp-json\/wp\/v2\/product"}],"about":[{"href":"https:\/\/muotitalomarilyn.fi\/blog\/wp-json\/wp\/v2\/types\/product"}],"replies":[{"embeddable":true,"href":"https:\/\/muotitalomarilyn.fi\/blog\/wp-json\/wp\/v2\/comments?post=1393"}],"wp:featuredmedia":[{"embeddable":true,"href":"https:\/\/muotitalomarilyn.fi\/blog\/wp-json\/wp\/v2\/media\/1394"}],"wp:attachment":[{"href":"https:\/\/muotitalomarilyn.fi\/blog\/wp-json\/wp\/v2\/media?parent=1393"}],"wp:term":[{"taxonomy":"product_brand","embeddable":true,"href":"https:\/\/muotitalomarilyn.fi\/blog\/wp-json\/wp\/v2\/product_brand?post=1393"},{"taxonomy":"product_cat","embeddable":true,"href":"https:\/\/muotitalomarilyn.fi\/blog\/wp-json\/wp\/v2\/product_cat?post=1393"},{"taxonomy":"product_tag","embeddable":true,"href":"https:\/\/muotitalomarilyn.fi\/blog\/wp-json\/wp\/v2\/product_tag?post=1393"}],"curies":[{"name":"wp","href":"https:\/\/api.w.org\/{rel}","templated":true}]}}