{"id":1375,"date":"2026-02-27T16:36:45","date_gmt":"2026-02-27T14:36:45","guid":{"rendered":"https:\/\/muotitalomarilyn.fi\/blog\/?post_type=product&#038;p=1375"},"modified":"2026-04-24T14:35:46","modified_gmt":"2026-04-24T11:35:46","slug":"junge-noelle-takki","status":"publish","type":"product","link":"https:\/\/muotitalomarilyn.fi\/blog\/tuote\/junge-noelle-takki\/","title":{"rendered":"Junge Noelle-takki"},"content":{"rendered":"","protected":false},"excerpt":{"rendered":"<p>Tyylik\u00e4s Jungen trenssi\u00e4 mukaileva kev\u00e4ttakki.<\/p>\n<p>Koot 36-46<\/p>\n<p>Tuotetiedot: pintakangas: 64% puuvillla ja 36% polyesteri. Puolivuoritettu sis\u00e4osa: 80% polyesteri ja 20% puuvilla. Vuori 2: 100% polyesteri<\/p>\n","protected":false},"featured_media":1376,"comment_status":"closed","ping_status":"closed","template":"","meta":{"_et_pb_use_builder":"","_et_pb_old_content":"","_et_gb_content_width":""},"product_brand":[],"product_cat":[43,27],"product_tag":[],"class_list":{"0":"post-1375","1":"product","2":"type-product","3":"status-publish","4":"has-post-thumbnail","6":"product_cat-junge","7":"product_cat-takit","9":"first","10":"instock","11":"sale","12":"shipping-taxable","13":"purchasable","14":"product-type-simple"},"_links":{"self":[{"href":"https:\/\/muotitalomarilyn.fi\/blog\/wp-json\/wp\/v2\/product\/1375","targetHints":{"allow":["GET"]}}],"collection":[{"href":"https:\/\/muotitalomarilyn.fi\/blog\/wp-json\/wp\/v2\/product"}],"about":[{"href":"https:\/\/muotitalomarilyn.fi\/blog\/wp-json\/wp\/v2\/types\/product"}],"replies":[{"embeddable":true,"href":"https:\/\/muotitalomarilyn.fi\/blog\/wp-json\/wp\/v2\/comments?post=1375"}],"wp:featuredmedia":[{"embeddable":true,"href":"https:\/\/muotitalomarilyn.fi\/blog\/wp-json\/wp\/v2\/media\/1376"}],"wp:attachment":[{"href":"https:\/\/muotitalomarilyn.fi\/blog\/wp-json\/wp\/v2\/media?parent=1375"}],"wp:term":[{"taxonomy":"product_brand","embeddable":true,"href":"https:\/\/muotitalomarilyn.fi\/blog\/wp-json\/wp\/v2\/product_brand?post=1375"},{"taxonomy":"product_cat","embeddable":true,"href":"https:\/\/muotitalomarilyn.fi\/blog\/wp-json\/wp\/v2\/product_cat?post=1375"},{"taxonomy":"product_tag","embeddable":true,"href":"https:\/\/muotitalomarilyn.fi\/blog\/wp-json\/wp\/v2\/product_tag?post=1375"}],"curies":[{"name":"wp","href":"https:\/\/api.w.org\/{rel}","templated":true}]}}