{"id":1372,"date":"2026-02-27T16:10:38","date_gmt":"2026-02-27T14:10:38","guid":{"rendered":"https:\/\/muotitalomarilyn.fi\/blog\/?post_type=product&#038;p=1372"},"modified":"2026-04-27T16:25:53","modified_gmt":"2026-04-27T13:25:53","slug":"junge-nora-takki","status":"publish","type":"product","link":"https:\/\/muotitalomarilyn.fi\/blog\/tuote\/junge-nora-takki\/","title":{"rendered":"Junge Nora-takki"},"content":{"rendered":"","protected":false},"excerpt":{"rendered":"<p>Jungen puolivuorillinen takki kaksisuuntaisella vetoketjulla ja irroitettavalla hupulla. Paikkataskut edess\u00e4 ja sivuhalkiot nepparikiinnityksell\u00e4. K\u00e4\u00e4nnett\u00e4viss\u00e4 hihoissa on sama ruutukuvio kuin hupussa joka tuo takkiin lis\u00e4\u00e4 ilmett\u00e4.<\/p>\n<p>Koot 40-46<\/p>\n<p>Tuotetiedot: pintakangas: 64% puuvilla ja 36% polyesteri. Kuvioillinen vuori hupussa ja yl\u00e4sel\u00e4ss\u00e4 100% puuvilla. Vuori 2: 100% polyesteri<\/p>\n","protected":false},"featured_media":1373,"comment_status":"closed","ping_status":"closed","template":"","meta":{"_et_pb_use_builder":"","_et_pb_old_content":"","_et_gb_content_width":""},"product_brand":[],"product_cat":[43,27],"product_tag":[],"class_list":{"0":"post-1372","1":"product","2":"type-product","3":"status-publish","4":"has-post-thumbnail","6":"product_cat-junge","7":"product_cat-takit","9":"first","10":"instock","11":"sale","12":"shipping-taxable","13":"purchasable","14":"product-type-simple"},"_links":{"self":[{"href":"https:\/\/muotitalomarilyn.fi\/blog\/wp-json\/wp\/v2\/product\/1372","targetHints":{"allow":["GET"]}}],"collection":[{"href":"https:\/\/muotitalomarilyn.fi\/blog\/wp-json\/wp\/v2\/product"}],"about":[{"href":"https:\/\/muotitalomarilyn.fi\/blog\/wp-json\/wp\/v2\/types\/product"}],"replies":[{"embeddable":true,"href":"https:\/\/muotitalomarilyn.fi\/blog\/wp-json\/wp\/v2\/comments?post=1372"}],"wp:featuredmedia":[{"embeddable":true,"href":"https:\/\/muotitalomarilyn.fi\/blog\/wp-json\/wp\/v2\/media\/1373"}],"wp:attachment":[{"href":"https:\/\/muotitalomarilyn.fi\/blog\/wp-json\/wp\/v2\/media?parent=1372"}],"wp:term":[{"taxonomy":"product_brand","embeddable":true,"href":"https:\/\/muotitalomarilyn.fi\/blog\/wp-json\/wp\/v2\/product_brand?post=1372"},{"taxonomy":"product_cat","embeddable":true,"href":"https:\/\/muotitalomarilyn.fi\/blog\/wp-json\/wp\/v2\/product_cat?post=1372"},{"taxonomy":"product_tag","embeddable":true,"href":"https:\/\/muotitalomarilyn.fi\/blog\/wp-json\/wp\/v2\/product_tag?post=1372"}],"curies":[{"name":"wp","href":"https:\/\/api.w.org\/{rel}","templated":true}]}}