{"id":1369,"date":"2026-02-27T15:47:37","date_gmt":"2026-02-27T13:47:37","guid":{"rendered":"https:\/\/muotitalomarilyn.fi\/blog\/?post_type=product&#038;p=1369"},"modified":"2026-04-27T16:26:44","modified_gmt":"2026-04-27T13:26:44","slug":"junge-nellie-kevattakki","status":"publish","type":"product","link":"https:\/\/muotitalomarilyn.fi\/blog\/tuote\/junge-nellie-kevattakki\/","title":{"rendered":"Junge Nellie kev\u00e4ttakki"},"content":{"rendered":"","protected":false},"excerpt":{"rendered":"<p>Takissa on irroitettava huppu, vetoketju- ja nepparikiinnitys edess\u00e4. K\u00e4\u00e4nnett\u00e4viss\u00e4 hihoissa on sama ruutukuvio kuin hupussa joka lis\u00e4\u00e4 takkiin ilmett\u00e4.<\/p>\n<p>Koot 38-44<\/p>\n<p>Tuotetiedot: pintakangas: 60% polyesteri ja 40% nylon. Vuori: 100% polyesteri<\/p>\n","protected":false},"featured_media":1370,"comment_status":"closed","ping_status":"closed","template":"","meta":{"_et_pb_use_builder":"","_et_pb_old_content":"","_et_gb_content_width":""},"product_brand":[],"product_cat":[43,27],"product_tag":[],"class_list":{"0":"post-1369","1":"product","2":"type-product","3":"status-publish","4":"has-post-thumbnail","6":"product_cat-junge","7":"product_cat-takit","9":"first","10":"instock","11":"shipping-taxable","12":"purchasable","13":"product-type-simple"},"_links":{"self":[{"href":"https:\/\/muotitalomarilyn.fi\/blog\/wp-json\/wp\/v2\/product\/1369","targetHints":{"allow":["GET"]}}],"collection":[{"href":"https:\/\/muotitalomarilyn.fi\/blog\/wp-json\/wp\/v2\/product"}],"about":[{"href":"https:\/\/muotitalomarilyn.fi\/blog\/wp-json\/wp\/v2\/types\/product"}],"replies":[{"embeddable":true,"href":"https:\/\/muotitalomarilyn.fi\/blog\/wp-json\/wp\/v2\/comments?post=1369"}],"wp:featuredmedia":[{"embeddable":true,"href":"https:\/\/muotitalomarilyn.fi\/blog\/wp-json\/wp\/v2\/media\/1370"}],"wp:attachment":[{"href":"https:\/\/muotitalomarilyn.fi\/blog\/wp-json\/wp\/v2\/media?parent=1369"}],"wp:term":[{"taxonomy":"product_brand","embeddable":true,"href":"https:\/\/muotitalomarilyn.fi\/blog\/wp-json\/wp\/v2\/product_brand?post=1369"},{"taxonomy":"product_cat","embeddable":true,"href":"https:\/\/muotitalomarilyn.fi\/blog\/wp-json\/wp\/v2\/product_cat?post=1369"},{"taxonomy":"product_tag","embeddable":true,"href":"https:\/\/muotitalomarilyn.fi\/blog\/wp-json\/wp\/v2\/product_tag?post=1369"}],"curies":[{"name":"wp","href":"https:\/\/api.w.org\/{rel}","templated":true}]}}