{"id":1366,"date":"2026-02-27T15:37:05","date_gmt":"2026-02-27T13:37:05","guid":{"rendered":"https:\/\/muotitalomarilyn.fi\/blog\/?post_type=product&#038;p=1366"},"modified":"2026-03-25T22:58:48","modified_gmt":"2026-03-25T20:58:48","slug":"junge-nolia-kevattakki","status":"publish","type":"product","link":"https:\/\/muotitalomarilyn.fi\/blog\/tuote\/junge-nolia-kevattakki\/","title":{"rendered":"Junge Nolia kev\u00e4ttakki"},"content":{"rendered":"","protected":false},"excerpt":{"rendered":"<p>Jungen puolivuorillisessa takissa on vetoketjukiinnitys, kiinte\u00e4 huppu sek\u00e4 s\u00e4\u00e4dett\u00e4v\u00e4 hihansuu piilonepparilla. Hupussa ja helmassa on s\u00e4\u00e4t\u00f6ny\u00f6rit.<\/p>\n<p>Koot 38-40<\/p>\n<p>Tuotetiedot: pintakangas: 64% puuvilla ja 36% polyesteri. Kuviollinen vuori hupussa ja yl\u00e4sel\u00e4ss\u00e4 100% puuvilla. Vuori 2: 100% polyesteri<\/p>\n","protected":false},"featured_media":1367,"comment_status":"closed","ping_status":"closed","template":"","meta":{"_et_pb_use_builder":"","_et_pb_old_content":"","_et_gb_content_width":""},"product_brand":[],"product_cat":[43,27],"product_tag":[],"class_list":{"0":"post-1366","1":"product","2":"type-product","3":"status-publish","4":"has-post-thumbnail","6":"product_cat-junge","7":"product_cat-takit","9":"first","10":"instock","11":"shipping-taxable","12":"purchasable","13":"product-type-simple"},"_links":{"self":[{"href":"https:\/\/muotitalomarilyn.fi\/blog\/wp-json\/wp\/v2\/product\/1366","targetHints":{"allow":["GET"]}}],"collection":[{"href":"https:\/\/muotitalomarilyn.fi\/blog\/wp-json\/wp\/v2\/product"}],"about":[{"href":"https:\/\/muotitalomarilyn.fi\/blog\/wp-json\/wp\/v2\/types\/product"}],"replies":[{"embeddable":true,"href":"https:\/\/muotitalomarilyn.fi\/blog\/wp-json\/wp\/v2\/comments?post=1366"}],"wp:featuredmedia":[{"embeddable":true,"href":"https:\/\/muotitalomarilyn.fi\/blog\/wp-json\/wp\/v2\/media\/1367"}],"wp:attachment":[{"href":"https:\/\/muotitalomarilyn.fi\/blog\/wp-json\/wp\/v2\/media?parent=1366"}],"wp:term":[{"taxonomy":"product_brand","embeddable":true,"href":"https:\/\/muotitalomarilyn.fi\/blog\/wp-json\/wp\/v2\/product_brand?post=1366"},{"taxonomy":"product_cat","embeddable":true,"href":"https:\/\/muotitalomarilyn.fi\/blog\/wp-json\/wp\/v2\/product_cat?post=1366"},{"taxonomy":"product_tag","embeddable":true,"href":"https:\/\/muotitalomarilyn.fi\/blog\/wp-json\/wp\/v2\/product_tag?post=1366"}],"curies":[{"name":"wp","href":"https:\/\/api.w.org\/{rel}","templated":true}]}}