{"id":1355,"date":"2026-02-27T13:59:47","date_gmt":"2026-02-27T11:59:47","guid":{"rendered":"https:\/\/muotitalomarilyn.fi\/blog\/?post_type=product&#038;p=1355"},"modified":"2026-04-20T19:21:26","modified_gmt":"2026-04-20T16:21:26","slug":"luhta-akkola","status":"publish","type":"product","link":"https:\/\/muotitalomarilyn.fi\/blog\/tuote\/luhta-akkola\/","title":{"rendered":"Luhta Akkola"},"content":{"rendered":"","protected":false},"excerpt":{"rendered":"<p>Takissa on kiinte\u00e4 huppu, kaksisuuntainen vetoketju edess\u00e4 ja hihansuissa tarranauhas\u00e4\u00e4t\u00f6. Takissa on hyv\u00e4 s\u00e4\u00e4nkesto, vesipilari on 10 000 ja kaikki saumat on teipattu mik\u00e4 tekee takista t\u00e4ysin vedenpit\u00e4v\u00e4n.<\/p>\n<p>Koot 34-52<\/p>\n<p>Takkia saatavana C ja D-mitoituksena<\/p>\n<p>V\u00e4rein\u00e4 hiekka, tummansininen ja hento roosa<\/p>\n<p>Tuotetiedot: 100% kierr\u00e4tetty polyesteri<\/p>\n<p>&nbsp;<\/p>\n","protected":false},"featured_media":1358,"comment_status":"closed","ping_status":"closed","template":"","meta":{"_et_pb_use_builder":"","_et_pb_old_content":"","_et_gb_content_width":""},"product_brand":[],"product_cat":[37,27],"product_tag":[],"class_list":{"0":"post-1355","1":"product","2":"type-product","3":"status-publish","4":"has-post-thumbnail","6":"product_cat-luhta","7":"product_cat-takit","9":"first","10":"instock","11":"sale","12":"shipping-taxable","13":"purchasable","14":"product-type-simple"},"_links":{"self":[{"href":"https:\/\/muotitalomarilyn.fi\/blog\/wp-json\/wp\/v2\/product\/1355","targetHints":{"allow":["GET"]}}],"collection":[{"href":"https:\/\/muotitalomarilyn.fi\/blog\/wp-json\/wp\/v2\/product"}],"about":[{"href":"https:\/\/muotitalomarilyn.fi\/blog\/wp-json\/wp\/v2\/types\/product"}],"replies":[{"embeddable":true,"href":"https:\/\/muotitalomarilyn.fi\/blog\/wp-json\/wp\/v2\/comments?post=1355"}],"wp:featuredmedia":[{"embeddable":true,"href":"https:\/\/muotitalomarilyn.fi\/blog\/wp-json\/wp\/v2\/media\/1358"}],"wp:attachment":[{"href":"https:\/\/muotitalomarilyn.fi\/blog\/wp-json\/wp\/v2\/media?parent=1355"}],"wp:term":[{"taxonomy":"product_brand","embeddable":true,"href":"https:\/\/muotitalomarilyn.fi\/blog\/wp-json\/wp\/v2\/product_brand?post=1355"},{"taxonomy":"product_cat","embeddable":true,"href":"https:\/\/muotitalomarilyn.fi\/blog\/wp-json\/wp\/v2\/product_cat?post=1355"},{"taxonomy":"product_tag","embeddable":true,"href":"https:\/\/muotitalomarilyn.fi\/blog\/wp-json\/wp\/v2\/product_tag?post=1355"}],"curies":[{"name":"wp","href":"https:\/\/api.w.org\/{rel}","templated":true}]}}