{"id":73,"date":"2025-06-13T16:14:08","date_gmt":"2025-06-13T16:14:08","guid":{"rendered":"http:\/\/www.nettitehostin.com\/Marilyn_testi\/?page_id=73"},"modified":"2026-03-02T16:17:06","modified_gmt":"2026-03-02T14:17:06","slug":"etusivu","status":"publish","type":"page","link":"https:\/\/muotitalomarilyn.fi\/blog\/","title":{"rendered":"Etusivu"},"content":{"rendered":"<p>[et_pb_section fb_built=&#8221;1&#8243; admin_label=&#8221;Header&#8221; _builder_version=&#8221;4.27.4&#8243; _module_preset=&#8221;default&#8221; use_background_color_gradient=&#8221;on&#8221; background_color_gradient_direction=&#8221;36deg&#8221; background_color_gradient_stops=&#8221;rgba(255,255,255,0.01) 52%|rgba(224,43,32,0.16) 78%&#8221; background_color_gradient_overlays_image=&#8221;on&#8221; background_image=&#8221;https:\/\/muotitalomarilyn.fi\/blog\/wp-content\/uploads\/2025\/09\/uusi.nettisivu2.01.png&#8221; background_size=&#8221;contain&#8221; background_position=&#8221;top_center&#8221; background_enable_mask_style=&#8221;on&#8221; background_mask_style=&#8221;corner-lake&#8221; background_mask_color=&#8221;rgba(255,255,255,0.13)&#8221; z_index=&#8221;0&#8243; width=&#8221;100%&#8221; max_width=&#8221;100%&#8221; min_height=&#8221;508px&#8221; min_height_tablet=&#8221;508px&#8221; min_height_phone=&#8221;162px&#8221; min_height_last_edited=&#8221;on|phone&#8221; height=&#8221;148px&#8221; max_height_tablet=&#8221;&#8221; max_height_phone=&#8221;336px&#8221; max_height_last_edited=&#8221;on|phone&#8221; custom_margin=&#8221;-34px|||||&#8221; custom_padding=&#8221;5vw||0vw||false|false&#8221; top_divider_color=&#8221;#FFFFFF&#8221; top_divider_height=&#8221;45px&#8221; bottom_divider_style=&#8221;wave2&#8243; bottom_divider_color=&#8221;#ffffff&#8221; bottom_divider_height=&#8221;60px&#8221; bottom_divider_repeat=&#8221;1x&#8221; bottom_divider_flip=&#8221;vertical&#8221; border_color_bottom=&#8221;#000000&#8243; collapsed=&#8221;off&#8221; global_colors_info=&#8221;{}&#8221;][et_pb_row _builder_version=&#8221;4.27.4&#8243; _module_preset=&#8221;default&#8221; global_colors_info=&#8221;{}&#8221;][et_pb_column type=&#8221;4_4&#8243; _builder_version=&#8221;4.20.0&#8243; _module_preset=&#8221;default&#8221; global_colors_info=&#8221;{}&#8221;][\/et_pb_column][\/et_pb_row][\/et_pb_section][et_pb_section fb_built=&#8221;1&#8243; admin_label=&#8221;Service&#8221; _builder_version=&#8221;4.27.4&#8243; _module_preset=&#8221;default&#8221; background_color=&#8221;gcid-904649ba-8489-45ef-bc4d-794bd4d0fcba&#8221; use_background_color_gradient=&#8221;on&#8221; background_color_gradient_direction=&#8221;129deg&#8221; background_color_gradient_stops=&#8221;#ffffff 81%|rgba(205,23,26,0.29) 98%&#8221; background_enable_pattern_style=&#8221;on&#8221; background_pattern_style=&#8221;honeycomb&#8221; background_pattern_color=&#8221;rgba(224,43,32,0.05)&#8221; background_enable_mask_style=&#8221;on&#8221; custom_margin=&#8221;7px||||false|false&#8221; custom_padding=&#8221;37px|||||&#8221; bottom_divider_style=&#8221;wave2&#8243; bottom_divider_color=&#8221;#ffffff&#8221; collapsed=&#8221;off&#8221; global_colors_info=&#8221;{%22gcid-904649ba-8489-45ef-bc4d-794bd4d0fcba%22:%91%22background_color%22%93}&#8221;][et_pb_row _builder_version=&#8221;4.27.4&#8243; _module_preset=&#8221;default&#8221; overflow-y=&#8221;visible&#8221; custom_margin=&#8221;0px||||false|false&#8221; global_colors_info=&#8221;{}&#8221;][et_pb_column type=&#8221;4_4&#8243; _builder_version=&#8221;4.20.0&#8243; _module_preset=&#8221;default&#8221; global_colors_info=&#8221;{}&#8221;][et_pb_text _builder_version=&#8221;4.27.4&#8243; _module_preset=&#8221;4df20d88-be42-4a69-bf99-7210b867af27&#8243; header_4_font=&#8221;Lato|700||on|||||&#8221; header_4_font_size=&#8221;16px&#8221; global_colors_info=&#8221;{}&#8221;]<\/p>\n<h4>Mit\u00e4 tarjoamme<\/h4>\n<p>[\/et_pb_text][et_pb_text _builder_version=&#8221;4.27.4&#8243; _module_preset=&#8221;2b4ce031-1cf5-44d0-b213-1d34fe45daeb&#8221; header_2_font=&#8221;Playfair Display|500|||||||&#8221; header_2_font_size=&#8221;48px&#8221; global_colors_info=&#8221;{}&#8221;]<\/p>\n<h2>Takkikauneutta kaiken kokoisille<\/h2>\n<p>[\/et_pb_text][et_pb_text _builder_version=&#8221;4.27.4&#8243; _module_preset=&#8221;1660a2ce-20ca-4391-8252-61657957e7c4&#8243; global_colors_info=&#8221;{}&#8221;]<\/p>\n<p>Muotitalo Marilyn on naistenvaateliike Turussa. Lis\u00e4ksi vierailemme Salossa pop up -myym\u00e4l\u00e4n merkeiss\u00e4 pari kertaa vuodessa.<br \/>Liikkeemme on tunnettu asiantuntevasta ja yst\u00e4v\u00e4llisest\u00e4 palvelusta, sek\u00e4 laadukkaista tuotteista.<br \/>Loistovalikoimassamme on tarjolla erityisen paljon takkeja l\u00e4pi vuoden. Lis\u00e4ksi tangoiltamme\u00a0l\u00f6ytyy paitoja,<br \/>housuja ja tunikoita. Olemme ylpeit\u00e4 laajasta kokovalikoimastamme 32-64.<\/p>\n<p>Kauniit vaatteet ovat kaikkien oikeus, siksi haluammekin tarjota ajattomia ja tyylikk\u00e4it\u00e4 asukokonaisuuksia kaikenik\u00e4isille ja -kokoisille.<\/p>\n<p>Tervetuloa l\u00f6yt\u00e4m\u00e4\u00e4n kanssamme uusia tapoja olla kauniisti juuri sin\u00e4!<\/p>\n<p>[\/et_pb_text][et_pb_image src=&#8221;https:\/\/muotitalomarilyn.fi\/blog\/wp-content\/uploads\/2025\/06\/Nettisivujen-kansikuva-syksy_cellbesmallit.png&#8221; title_text=&#8221;Nettisivujen-kansikuva-syksy_cellbesmallit&#8221; _builder_version=&#8221;4.27.4&#8243; _module_preset=&#8221;default&#8221; border_width_all=&#8221;4px&#8221; border_color_all=&#8221;#FFFFFF&#8221; box_shadow_style=&#8221;preset3&#8243; global_colors_info=&#8221;{}&#8221;][\/et_pb_image][\/et_pb_column][\/et_pb_row][\/et_pb_section][et_pb_section fb_built=&#8221;1&#8243; admin_label=&#8221;Step by Step&#8221; _builder_version=&#8221;4.27.4&#8243; _module_preset=&#8221;default&#8221; background_color=&#8221;gcid-904649ba-8489-45ef-bc4d-794bd4d0fcba&#8221; use_background_color_gradient=&#8221;on&#8221; background_color_gradient_direction=&#8221;141deg&#8221; background_color_gradient_stops=&#8221;rgba(205,23,26,0.17) 0%|#ffffff 18%&#8221; background_enable_pattern_style=&#8221;on&#8221; background_pattern_style=&#8221;honeycomb&#8221; background_pattern_color=&#8221;rgba(224,43,32,0.05)&#8221; background_enable_mask_style=&#8221;on&#8221; background_mask_transform=&#8221;flip_horizontal&#8221; top_divider_style=&#8221;wave2&#8243; top_divider_color=&#8221;#ffffff&#8221; collapsed=&#8221;on&#8221; global_colors_info=&#8221;{%22gcid-904649ba-8489-45ef-bc4d-794bd4d0fcba%22:%91%22background_color%22%93}&#8221;][et_pb_row _builder_version=&#8221;4.27.4&#8243; _module_preset=&#8221;default&#8221; z_index=&#8221;10&#8243; max_width=&#8221;700px&#8221; custom_padding=&#8221;||11px|||&#8221; global_colors_info=&#8221;{}&#8221;][et_pb_column type=&#8221;4_4&#8243; _builder_version=&#8221;4.20.0&#8243; _module_preset=&#8221;default&#8221; global_colors_info=&#8221;{}&#8221;][et_pb_text _builder_version=&#8221;4.27.4&#8243; _module_preset=&#8221;4df20d88-be42-4a69-bf99-7210b867af27&#8243; header_4_font=&#8221;Lato|700||on|||||&#8221; header_4_text_align=&#8221;center&#8221; header_4_font_size=&#8221;16px&#8221; global_colors_info=&#8221;{}&#8221;]<\/p>\n<h4>Tuotteita<\/h4>\n<p>[\/et_pb_text][et_pb_text _builder_version=&#8221;4.27.4&#8243; _module_preset=&#8221;2b4ce031-1cf5-44d0-b213-1d34fe45daeb&#8221; header_2_font=&#8221;Playfair Display|500|||||||&#8221; header_2_text_align=&#8221;center&#8221; header_2_font_size=&#8221;48px&#8221; global_colors_info=&#8221;{}&#8221;]<\/p>\n<h2>Sinulle<\/h2>\n<p>[\/et_pb_text][et_pb_image src=&#8221;https:\/\/muotitalomarilyn.fi\/blog\/wp-content\/uploads\/2025\/06\/beauty-esthetician-38.png&#8221; title_text=&#8221;beauty-esthetician-38&#8243; align=&#8221;center&#8221; disabled_on=&#8221;on|on|on&#8221; _builder_version=&#8221;4.27.4&#8243; _module_preset=&#8221;default&#8221; z_index=&#8221;-1&#8243; custom_margin=&#8221;-5vw|-8vw|-4vw|-8vw|false|true&#8221; disabled=&#8221;on&#8221; locked=&#8221;off&#8221; global_colors_info=&#8221;{}&#8221;][\/et_pb_image][\/et_pb_column][\/et_pb_row][et_pb_row column_structure=&#8221;1_3,1_3,1_3&#8243; custom_padding_last_edited=&#8221;on|phone&#8221; _builder_version=&#8221;4.27.4&#8243; _module_preset=&#8221;default&#8221; background_color=&#8221;#ffffff&#8221; z_index=&#8221;9&#8243; custom_padding=&#8221;60px|30px|60px|30px|true|true&#8221; custom_padding_tablet=&#8221;30px|30px|30px|30px|true|true&#8221; custom_padding_phone=&#8221;20px|20px|20px|20px|true|true&#8221; link_option_url=&#8221;https:\/\/muotitalomarilyn.fi\/blog\/tuotteet\/&#8221; border_color_all=&#8221;gcid-97182601-61ab-4626-954a-29b0757ae92a&#8221; box_shadow_style=&#8221;preset2&#8243; global_colors_info=&#8221;{%22gcid-904649ba-8489-45ef-bc4d-794bd4d0fcba%22:%91%22background_color%22%93,%22gcid-97182601-61ab-4626-954a-29b0757ae92a%22:%91%22border_color_all%22%93}&#8221;][et_pb_column type=&#8221;1_3&#8243; _builder_version=&#8221;4.20.0&#8243; _module_preset=&#8221;default&#8221; global_colors_info=&#8221;{}&#8221;][et_pb_text _builder_version=&#8221;4.27.4&#8243; _module_preset=&#8221;a75d0515-cd8d-4cab-879f-8fedcaa16435&#8243; header_4_text_color=&#8221;gcid-97182601-61ab-4626-954a-29b0757ae92a&#8221; text_orientation=&#8221;center&#8221; custom_margin=&#8221;||10px||false|false&#8221; global_colors_info=&#8221;{%22gcid-97182601-61ab-4626-954a-29b0757ae92a%22:%91%22header_4_text_color%22%93}&#8221;]<\/p>\n<h4>Takit<\/h4>\n<p>[\/et_pb_text][et_pb_image src=&#8221;https:\/\/muotitalomarilyn.fi\/blog\/wp-content\/uploads\/2026\/02\/luhta-ailio-sininen.jpg&#8221; title_text=&#8221;luhta-ailio&#8221; align=&#8221;center&#8221; _builder_version=&#8221;4.27.5&#8243; _module_preset=&#8221;default&#8221; module_alignment=&#8221;center&#8221; height=&#8221;404px&#8221; max_height=&#8221;774px&#8221; module_alignment_tablet=&#8221;center&#8221; module_alignment_phone=&#8221;center&#8221; module_alignment_last_edited=&#8221;on|tablet&#8221; box_shadow_style=&#8221;preset3&#8243; global_colors_info=&#8221;{}&#8221;][\/et_pb_image][\/et_pb_column][et_pb_column type=&#8221;1_3&#8243; _builder_version=&#8221;4.20.0&#8243; _module_preset=&#8221;default&#8221; global_colors_info=&#8221;{}&#8221;][et_pb_text _builder_version=&#8221;4.27.4&#8243; _module_preset=&#8221;a75d0515-cd8d-4cab-879f-8fedcaa16435&#8243; header_4_text_color=&#8221;gcid-97182601-61ab-4626-954a-29b0757ae92a&#8221; text_orientation=&#8221;center&#8221; custom_margin=&#8221;||10px||false|false&#8221; global_colors_info=&#8221;{%22gcid-97182601-61ab-4626-954a-29b0757ae92a%22:%91%22header_4_text_color%22%93}&#8221;]<\/p>\n<h4>Yl\u00e4osat<\/h4>\n<p>[\/et_pb_text][et_pb_image src=&#8221;https:\/\/muotitalomarilyn.fi\/blog\/wp-content\/uploads\/2026\/02\/esqualo.bleiseri.beige2_.jpg&#8221; title_text=&#8221;esqualo-bleiseri&#8221; align=&#8221;center&#8221; _builder_version=&#8221;4.27.5&#8243; _module_preset=&#8221;default&#8221; height=&#8221;408px&#8221; max_height=&#8221;702px&#8221; box_shadow_style=&#8221;preset3&#8243; locked=&#8221;off&#8221; global_colors_info=&#8221;{}&#8221;][\/et_pb_image][\/et_pb_column][et_pb_column type=&#8221;1_3&#8243; _builder_version=&#8221;4.27.4&#8243; _module_preset=&#8221;default&#8221; global_colors_info=&#8221;{}&#8221;][et_pb_text _builder_version=&#8221;4.27.4&#8243; _module_preset=&#8221;a75d0515-cd8d-4cab-879f-8fedcaa16435&#8243; header_4_text_color=&#8221;gcid-97182601-61ab-4626-954a-29b0757ae92a&#8221; text_orientation=&#8221;center&#8221; custom_margin=&#8221;||10px||false|false&#8221; global_colors_info=&#8221;{%22gcid-97182601-61ab-4626-954a-29b0757ae92a%22:%91%22header_4_text_color%22%93}&#8221;]<\/p>\n<h4>Housut<\/h4>\n<p>[\/et_pb_text][et_pb_image src=&#8221;https:\/\/muotitalomarilyn.fi\/blog\/wp-content\/uploads\/2025\/10\/dora.nettisivu.jpg&#8221; title_text=&#8221;annamontana-dora-housut&#8221; align=&#8221;center&#8221; _builder_version=&#8221;4.27.5&#8243; _module_preset=&#8221;default&#8221; height=&#8221;404px&#8221; max_height=&#8221;774px&#8221; hover_enabled=&#8221;0&#8243; box_shadow_style=&#8221;preset3&#8243; global_colors_info=&#8221;{}&#8221; sticky_enabled=&#8221;0&#8243;][\/et_pb_image][\/et_pb_column][\/et_pb_row][\/et_pb_section]<\/p>\n","protected":false},"excerpt":{"rendered":"<p>Mit\u00e4 tarjoammeTakkikauneutta kaiken kokoisilleMuotitalo Marilyn on naistenvaateliike Turussa. Lis\u00e4ksi vierailemme Salossa pop up -myym\u00e4l\u00e4n merkeiss\u00e4 pari kertaa vuodessa.Liikkeemme on tunnettu asiantuntevasta ja yst\u00e4v\u00e4llisest\u00e4 palvelusta, sek\u00e4 laadukkaista tuotteista.Loistovalikoimassamme on tarjolla erityisen paljon takkeja l\u00e4pi vuoden. Lis\u00e4ksi tangoiltamme\u00a0l\u00f6ytyy paitoja,housuja ja tunikoita. Olemme ylpeit\u00e4 laajasta kokovalikoimastamme 32-64. Kauniit vaatteet ovat kaikkien oikeus, siksi haluammekin tarjota ajattomia ja tyylikk\u00e4it\u00e4 [&hellip;]<\/p>\n","protected":false},"author":1,"featured_media":0,"parent":0,"menu_order":0,"comment_status":"closed","ping_status":"closed","template":"","meta":{"_et_pb_use_builder":"on","_et_pb_old_content":"","_et_gb_content_width":"","footnotes":""},"class_list":["post-73","page","type-page","status-publish","hentry"],"_links":{"self":[{"href":"https:\/\/muotitalomarilyn.fi\/blog\/wp-json\/wp\/v2\/pages\/73","targetHints":{"allow":["GET"]}}],"collection":[{"href":"https:\/\/muotitalomarilyn.fi\/blog\/wp-json\/wp\/v2\/pages"}],"about":[{"href":"https:\/\/muotitalomarilyn.fi\/blog\/wp-json\/wp\/v2\/types\/page"}],"author":[{"embeddable":true,"href":"https:\/\/muotitalomarilyn.fi\/blog\/wp-json\/wp\/v2\/users\/1"}],"replies":[{"embeddable":true,"href":"https:\/\/muotitalomarilyn.fi\/blog\/wp-json\/wp\/v2\/comments?post=73"}],"version-history":[{"count":22,"href":"https:\/\/muotitalomarilyn.fi\/blog\/wp-json\/wp\/v2\/pages\/73\/revisions"}],"predecessor-version":[{"id":1387,"href":"https:\/\/muotitalomarilyn.fi\/blog\/wp-json\/wp\/v2\/pages\/73\/revisions\/1387"}],"wp:attachment":[{"href":"https:\/\/muotitalomarilyn.fi\/blog\/wp-json\/wp\/v2\/media?parent=73"}],"curies":[{"name":"wp","href":"https:\/\/api.w.org\/{rel}","templated":true}]}}