{"id":141,"date":"2025-06-14T19:15:04","date_gmt":"2025-06-14T19:15:04","guid":{"rendered":"http:\/\/www.nettitehostin.com\/Marilyn_testi\/?page_id=141"},"modified":"2026-03-24T18:47:58","modified_gmt":"2026-03-24T16:47:58","slug":"tuotteet","status":"publish","type":"page","link":"https:\/\/muotitalomarilyn.fi\/blog\/tuotteet\/","title":{"rendered":"Tuotteet"},"content":{"rendered":"<p>[et_pb_section fb_built=&#8221;1&#8243; admin_label=&#8221;Header&#8221; _builder_version=&#8221;4.27.4&#8243; _module_preset=&#8221;default&#8221; background_image=&#8221;https:\/\/muotitalomarilyn.fi\/blog\/wp-content\/uploads\/2025\/06\/Nettisivujen-kansikuva23-4.jpg&#8221; background_size=&#8221;contain&#8221; background_position=&#8221;top_center&#8221; background_enable_mask_style=&#8221;on&#8221; background_mask_style=&#8221;corner-blob&#8221; background_mask_color=&#8221;rgba(255,255,255,0.13)&#8221; background_mask_transform=&#8221;flip_vertical&#8221; background_mask_aspect_ratio=&#8221;portrait&#8221; width=&#8221;100%&#8221; max_width=&#8221;100%&#8221; min_height=&#8221;492px&#8221; min_height_tablet=&#8221;492px&#8221; min_height_phone=&#8221;144px&#8221; min_height_last_edited=&#8221;on|phone&#8221; max_height=&#8221;261px&#8221; custom_margin=&#8221;-31px|||||&#8221; custom_padding=&#8221;2vw||0vw||false|false&#8221; top_divider_color=&#8221;#FFFFFF&#8221; top_divider_height=&#8221;45px&#8221; bottom_divider_style=&#8221;wave2&#8243; bottom_divider_color=&#8221;#ffffff&#8221; bottom_divider_height=&#8221;60px&#8221; bottom_divider_repeat=&#8221;1x&#8221; bottom_divider_flip=&#8221;horizontal&#8221; collapsed=&#8221;on&#8221; global_colors_info=&#8221;{}&#8221;][et_pb_row _builder_version=&#8221;4.20.0&#8243; _module_preset=&#8221;default&#8221; global_colors_info=&#8221;{}&#8221;][et_pb_column type=&#8221;4_4&#8243; _builder_version=&#8221;4.20.0&#8243; _module_preset=&#8221;default&#8221; global_colors_info=&#8221;{}&#8221;][\/et_pb_column][\/et_pb_row][\/et_pb_section][et_pb_section fb_built=&#8221;1&#8243; admin_label=&#8221;Service&#8221; _builder_version=&#8221;4.27.4&#8243; _module_preset=&#8221;default&#8221; background_color=&#8221;gcid-904649ba-8489-45ef-bc4d-794bd4d0fcba&#8221; background_enable_pattern_style=&#8221;on&#8221; background_pattern_style=&#8221;honeycomb&#8221; background_pattern_color=&#8221;rgba(224,43,32,0.06)&#8221; background_enable_mask_style=&#8221;on&#8221; background_mask_style=&#8221;corner-square&#8221; collapsed=&#8221;on&#8221; global_colors_info=&#8221;{%22gcid-904649ba-8489-45ef-bc4d-794bd4d0fcba%22:%91%22background_color%22%93}&#8221;][et_pb_row _builder_version=&#8221;4.20.0&#8243; _module_preset=&#8221;default&#8221; global_colors_info=&#8221;{}&#8221;][et_pb_column type=&#8221;4_4&#8243; _builder_version=&#8221;4.20.0&#8243; _module_preset=&#8221;default&#8221; global_colors_info=&#8221;{}&#8221;][et_pb_text _builder_version=&#8221;4.27.4&#8243; _module_preset=&#8221;4df20d88-be42-4a69-bf99-7210b867af27&#8243; header_4_font=&#8221;Lato|700||on|||||&#8221; header_4_text_align=&#8221;left&#8221; header_4_font_size=&#8221;16px&#8221; text_orientation=&#8221;center&#8221; global_colors_info=&#8221;{}&#8221;]<\/p>\n<h4>Mit\u00e4 tarjoamme<\/h4>\n<p>[\/et_pb_text][et_pb_text _builder_version=&#8221;4.27.4&#8243; _module_preset=&#8221;2b4ce031-1cf5-44d0-b213-1d34fe45daeb&#8221; header_2_font=&#8221;Playfair Display||||||||&#8221; header_2_text_align=&#8221;left&#8221; header_2_font_size=&#8221;48px&#8221; text_orientation=&#8221;center&#8221; global_colors_info=&#8221;{}&#8221;]<\/p>\n<h2>Tuotteet<\/h2>\n<p>[\/et_pb_text][et_pb_text _builder_version=&#8221;4.27.4&#8243; _module_preset=&#8221;1660a2ce-20ca-4391-8252-61657957e7c4&#8243; global_colors_info=&#8221;{}&#8221;]<\/p>\n<p>Muotitalo Marilyn on naistenvaateliike Turussa.\u00a0<br \/>Liikkeemme on tunnettu asiantuntevasta ja yst\u00e4v\u00e4llisest\u00e4 palvelusta, sek\u00e4 laadukkaista tuotteista.<br \/>Loistovalikoimassamme on tarjolla erityisen paljon takkeja l\u00e4pi vuoden. Lis\u00e4ksi tangoiltamme\u00a0l\u00f6ytyy paitoja,<br \/>housuja ja tunikoita. Olemme ylpeit\u00e4 laajasta kokovalikoimastamme kokoluokassa 32-64.<\/p>\n<p>Kauniit vaatteet ovat kaikkien oikeus, siksi haluammekin tarjota ajattomia ja tyylikk\u00e4it\u00e4 asukokonaisuuksia kaikenik\u00e4isille ja -kokoisille.<\/p>\n<p>Tervetuloa l\u00f6yt\u00e4m\u00e4\u00e4n kanssamme uusia tapoja olla kauniisti juuri sin\u00e4!<\/p>\n<p>[\/et_pb_text][et_pb_image src=&#8221;https:\/\/muotitalomarilyn.fi\/blog\/wp-content\/uploads\/2025\/06\/beauty-esthetician-39.png&#8221; title_text=&#8221;beauty-esthetician-39&#8243; disabled_on=&#8221;on|on|on&#8221; _builder_version=&#8221;4.27.4&#8243; _module_preset=&#8221;default&#8221; transform_translate=&#8221;30%|-20%&#8221; transform_translate_linked=&#8221;off&#8221; positioning=&#8221;absolute&#8221; position_origin_a=&#8221;top_right&#8221; z_index=&#8221;1&#8243; width=&#8221;30%&#8221; disabled=&#8221;on&#8221; global_colors_info=&#8221;{}&#8221;][\/et_pb_image][\/et_pb_column][\/et_pb_row][et_pb_row _builder_version=&#8221;4.27.4&#8243; _module_preset=&#8221;default&#8221; custom_padding=&#8221;||55px|||&#8221; global_colors_info=&#8221;{}&#8221;][et_pb_column type=&#8221;4_4&#8243; _builder_version=&#8221;4.27.4&#8243; _module_preset=&#8221;default&#8221; global_colors_info=&#8221;{}&#8221;][et_pb_text _builder_version=&#8221;4.27.4&#8243; _module_preset=&#8221;4df20d88-be42-4a69-bf99-7210b867af27&#8243; header_4_font=&#8221;Lato|700||on|||||&#8221; header_4_font_size=&#8221;16px&#8221; text_orientation=&#8221;center&#8221; locked=&#8221;off&#8221; global_colors_info=&#8221;{}&#8221;]<\/p>\n<h4>Tuoteryhm\u00e4<\/h4>\n<p>[\/et_pb_text][et_pb_text _builder_version=&#8221;4.27.4&#8243; _module_preset=&#8221;2b4ce031-1cf5-44d0-b213-1d34fe45daeb&#8221; header_2_font=&#8221;Playfair Display||||||||&#8221; header_2_font_size=&#8221;48px&#8221; text_orientation=&#8221;center&#8221; locked=&#8221;off&#8221; global_colors_info=&#8221;{}&#8221;]<\/p>\n<h2>Takkikauneutta kaiken kokoisille<\/h2>\n<p>[\/et_pb_text][et_pb_image src=&#8221;https:\/\/muotitalomarilyn.fi\/blog\/wp-content\/uploads\/2025\/06\/beauty-esthetician-38.png&#8221; title_text=&#8221;beauty-esthetician-38&#8243; show_bottom_space=&#8221;off&#8221; align=&#8221;center&#8221; disabled_on=&#8221;on|on|on&#8221; _builder_version=&#8221;4.27.4&#8243; _module_preset=&#8221;default&#8221; z_index=&#8221;-1&#8243; max_width=&#8221;84%&#8221; module_alignment=&#8221;center&#8221; custom_margin=&#8221;-5vw|-8vw|-2vw|-8vw|false|true&#8221; disabled=&#8221;on&#8221; locked=&#8221;off&#8221; global_colors_info=&#8221;{}&#8221;][\/et_pb_image][et_pb_shop type=&#8221;product_category&#8221; posts_number=&#8221;10&#8243; show_pagination=&#8221;on&#8221; include_categories=&#8221;27&#8243; columns_number=&#8221;5&#8243; orderby=&#8221;date-desc&#8221; sale_badge_color=&#8221;#e02b20&#8243; _builder_version=&#8221;4.27.4&#8243; _module_preset=&#8221;default&#8221; price_text_color=&#8221;#000000&#8243; price_font_size=&#8221;16px&#8221; sale_badge_font=&#8221;|600|||||||&#8221; sale_price_text_color=&#8221;#e02b20&#8243; hover_enabled=&#8221;0&#8243; border_radii_image=&#8221;on|6px|6px|6px|6px&#8221; border_width_all_image=&#8221;1px&#8221; border_color_all_image=&#8221;#000000&#8243; global_colors_info=&#8221;{}&#8221; sticky_enabled=&#8221;0&#8243;][\/et_pb_shop][\/et_pb_column][\/et_pb_row][et_pb_row disabled_on=&#8221;on|on|on&#8221; _builder_version=&#8221;4.27.4&#8243; _module_preset=&#8221;default&#8221; custom_padding=&#8221;||55px|||&#8221; disabled=&#8221;on&#8221; global_colors_info=&#8221;{}&#8221;][et_pb_column type=&#8221;4_4&#8243; _builder_version=&#8221;4.27.4&#8243; _module_preset=&#8221;default&#8221; global_colors_info=&#8221;{}&#8221;][et_pb_text _builder_version=&#8221;4.27.4&#8243; _module_preset=&#8221;4df20d88-be42-4a69-bf99-7210b867af27&#8243; header_4_font=&#8221;Lato|700||on|||||&#8221; header_4_font_size=&#8221;16px&#8221; text_orientation=&#8221;center&#8221; locked=&#8221;off&#8221; global_colors_info=&#8221;{}&#8221;]<\/p>\n<h4>Tuoteryhm\u00e4<\/h4>\n<p>[\/et_pb_text][et_pb_text _builder_version=&#8221;4.27.4&#8243; _module_preset=&#8221;2b4ce031-1cf5-44d0-b213-1d34fe45daeb&#8221; header_2_font=&#8221;Playfair Display||||||||&#8221; header_2_font_size=&#8221;48px&#8221; text_orientation=&#8221;center&#8221; locked=&#8221;off&#8221; global_colors_info=&#8221;{}&#8221;]<\/p>\n<h2>Ihastuttavat jakut<\/h2>\n<p>[\/et_pb_text][et_pb_image src=&#8221;https:\/\/muotitalomarilyn.fi\/blog\/wp-content\/uploads\/2025\/06\/beauty-esthetician-38.png&#8221; title_text=&#8221;beauty-esthetician-38&#8243; show_bottom_space=&#8221;off&#8221; align=&#8221;center&#8221; disabled_on=&#8221;on|on|on&#8221; _builder_version=&#8221;4.27.4&#8243; _module_preset=&#8221;default&#8221; z_index=&#8221;-1&#8243; max_width=&#8221;84%&#8221; module_alignment=&#8221;center&#8221; custom_margin=&#8221;-5vw|-8vw|-2vw|-8vw|false|true&#8221; disabled=&#8221;on&#8221; locked=&#8221;off&#8221; global_colors_info=&#8221;{}&#8221;][\/et_pb_image][et_pb_shop type=&#8221;product_category&#8221; posts_number=&#8221;10&#8243; show_pagination=&#8221;on&#8221; include_categories=&#8221;28&#8243; columns_number=&#8221;5&#8243; orderby=&#8221;date-desc&#8221; sale_badge_color=&#8221;#e02b20&#8243; _builder_version=&#8221;4.27.4&#8243; _module_preset=&#8221;default&#8221; price_text_color=&#8221;#000000&#8243; price_font_size=&#8221;16px&#8221; sale_badge_font=&#8221;|600|||||||&#8221; sale_price_text_color=&#8221;#e02b20&#8243; border_radii_image=&#8221;on|6px|6px|6px|6px&#8221; border_width_all_image=&#8221;1px&#8221; border_color_all_image=&#8221;#000000&#8243; global_colors_info=&#8221;{}&#8221;][\/et_pb_shop][\/et_pb_column][\/et_pb_row][et_pb_row _builder_version=&#8221;4.27.4&#8243; _module_preset=&#8221;default&#8221; custom_padding=&#8221;||55px|||&#8221; global_colors_info=&#8221;{}&#8221;][et_pb_column type=&#8221;4_4&#8243; _builder_version=&#8221;4.27.4&#8243; _module_preset=&#8221;default&#8221; global_colors_info=&#8221;{}&#8221;][et_pb_text _builder_version=&#8221;4.27.4&#8243; _module_preset=&#8221;4df20d88-be42-4a69-bf99-7210b867af27&#8243; header_4_font=&#8221;Lato|700||on|||||&#8221; header_4_font_size=&#8221;16px&#8221; text_orientation=&#8221;center&#8221; locked=&#8221;off&#8221; global_colors_info=&#8221;{}&#8221;]<\/p>\n<h4>Poimintoja<\/h4>\n<p>[\/et_pb_text][et_pb_text _builder_version=&#8221;4.27.4&#8243; _module_preset=&#8221;2b4ce031-1cf5-44d0-b213-1d34fe45daeb&#8221; header_2_font=&#8221;Playfair Display||||||||&#8221; header_2_font_size=&#8221;48px&#8221; text_orientation=&#8221;center&#8221; locked=&#8221;off&#8221; global_colors_info=&#8221;{}&#8221;]<\/p>\n<h2>Upeista yl\u00e4osista<\/h2>\n<p>[\/et_pb_text][et_pb_image src=&#8221;https:\/\/muotitalomarilyn.fi\/blog\/wp-content\/uploads\/2025\/06\/beauty-esthetician-38.png&#8221; title_text=&#8221;beauty-esthetician-38&#8243; show_bottom_space=&#8221;off&#8221; align=&#8221;center&#8221; disabled_on=&#8221;on|on|on&#8221; _builder_version=&#8221;4.27.4&#8243; _module_preset=&#8221;default&#8221; z_index=&#8221;-1&#8243; max_width=&#8221;84%&#8221; module_alignment=&#8221;center&#8221; custom_margin=&#8221;-5vw|-8vw|-2vw|-8vw|false|true&#8221; disabled=&#8221;on&#8221; locked=&#8221;off&#8221; global_colors_info=&#8221;{}&#8221;][\/et_pb_image][et_pb_shop type=&#8221;product_category&#8221; posts_number=&#8221;10&#8243; show_pagination=&#8221;on&#8221; include_categories=&#8221;29&#8243; columns_number=&#8221;5&#8243; orderby=&#8221;date-desc&#8221; sale_badge_color=&#8221;#e02b20&#8243; _builder_version=&#8221;4.27.4&#8243; _module_preset=&#8221;default&#8221; price_font=&#8221;|700|||||||&#8221; price_text_color=&#8221;#000000&#8243; price_font_size=&#8221;16px&#8221; sale_badge_font=&#8221;|600|||||||&#8221; sale_price_text_color=&#8221;#E02B20&#8243; border_radii_image=&#8221;on|6px|6px|6px|6px&#8221; border_width_all_image=&#8221;1px&#8221; locked=&#8221;off&#8221; global_colors_info=&#8221;{}&#8221;][\/et_pb_shop][\/et_pb_column][\/et_pb_row][et_pb_row _builder_version=&#8221;4.27.4&#8243; _module_preset=&#8221;default&#8221; custom_padding=&#8221;||55px|||&#8221; global_colors_info=&#8221;{}&#8221;][et_pb_column type=&#8221;4_4&#8243; _builder_version=&#8221;4.27.4&#8243; _module_preset=&#8221;default&#8221; global_colors_info=&#8221;{}&#8221;][et_pb_text _builder_version=&#8221;4.27.4&#8243; _module_preset=&#8221;4df20d88-be42-4a69-bf99-7210b867af27&#8243; header_4_font=&#8221;Lato|700||on|||||&#8221; header_4_font_size=&#8221;16px&#8221; text_orientation=&#8221;center&#8221; locked=&#8221;off&#8221; global_colors_info=&#8221;{}&#8221;]<\/p>\n<h4>Poimintoja<\/h4>\n<p>[\/et_pb_text][et_pb_text _builder_version=&#8221;4.27.4&#8243; _module_preset=&#8221;2b4ce031-1cf5-44d0-b213-1d34fe45daeb&#8221; header_2_font=&#8221;Playfair Display||||||||&#8221; header_2_font_size=&#8221;48px&#8221; text_orientation=&#8221;center&#8221; locked=&#8221;off&#8221; global_colors_info=&#8221;{}&#8221;]<\/p>\n<h2>Housuvalikoiman helmi\u00e4<\/h2>\n<p>[\/et_pb_text][et_pb_image src=&#8221;https:\/\/muotitalomarilyn.fi\/blog\/wp-content\/uploads\/2025\/06\/beauty-esthetician-38.png&#8221; title_text=&#8221;beauty-esthetician-38&#8243; show_bottom_space=&#8221;off&#8221; align=&#8221;center&#8221; disabled_on=&#8221;on|on|on&#8221; _builder_version=&#8221;4.27.4&#8243; _module_preset=&#8221;default&#8221; z_index=&#8221;-1&#8243; max_width=&#8221;84%&#8221; module_alignment=&#8221;center&#8221; custom_margin=&#8221;-5vw|-8vw|-2vw|-8vw|false|true&#8221; disabled=&#8221;on&#8221; locked=&#8221;off&#8221; global_colors_info=&#8221;{}&#8221;][\/et_pb_image][et_pb_shop type=&#8221;product_category&#8221; posts_number=&#8221;10&#8243; show_pagination=&#8221;on&#8221; include_categories=&#8221;30&#8243; columns_number=&#8221;5&#8243; orderby=&#8221;date-desc&#8221; sale_badge_color=&#8221;#E02B20&#8243; _builder_version=&#8221;4.27.4&#8243; _module_preset=&#8221;default&#8221; price_text_color=&#8221;#000000&#8243; price_font_size=&#8221;16px&#8221; sale_badge_font=&#8221;|600|||||||&#8221; sale_price_text_color=&#8221;#E02B20&#8243; border_radii_image=&#8221;on|6px|6px|6px|6px&#8221; border_width_all_image=&#8221;1px&#8221; locked=&#8221;off&#8221; global_colors_info=&#8221;{}&#8221;][\/et_pb_shop][\/et_pb_column][\/et_pb_row][\/et_pb_section]<\/p>\n","protected":false},"excerpt":{"rendered":"<p>Mit\u00e4 tarjoammeTuotteetMuotitalo Marilyn on naistenvaateliike Turussa.\u00a0Liikkeemme on tunnettu asiantuntevasta ja yst\u00e4v\u00e4llisest\u00e4 palvelusta, sek\u00e4 laadukkaista tuotteista.Loistovalikoimassamme on tarjolla erityisen paljon takkeja l\u00e4pi vuoden. Lis\u00e4ksi tangoiltamme\u00a0l\u00f6ytyy paitoja,housuja ja tunikoita. Olemme ylpeit\u00e4 laajasta kokovalikoimastamme kokoluokassa 32-64. Kauniit vaatteet ovat kaikkien oikeus, siksi haluammekin tarjota ajattomia ja tyylikk\u00e4it\u00e4 asukokonaisuuksia kaikenik\u00e4isille ja -kokoisille. Tervetuloa l\u00f6yt\u00e4m\u00e4\u00e4n kanssamme uusia tapoja olla kauniisti [&hellip;]<\/p>\n","protected":false},"author":1,"featured_media":0,"parent":0,"menu_order":0,"comment_status":"closed","ping_status":"closed","template":"","meta":{"_et_pb_use_builder":"on","_et_pb_old_content":"","_et_gb_content_width":"","footnotes":""},"class_list":["post-141","page","type-page","status-publish","hentry"],"_links":{"self":[{"href":"https:\/\/muotitalomarilyn.fi\/blog\/wp-json\/wp\/v2\/pages\/141","targetHints":{"allow":["GET"]}}],"collection":[{"href":"https:\/\/muotitalomarilyn.fi\/blog\/wp-json\/wp\/v2\/pages"}],"about":[{"href":"https:\/\/muotitalomarilyn.fi\/blog\/wp-json\/wp\/v2\/types\/page"}],"author":[{"embeddable":true,"href":"https:\/\/muotitalomarilyn.fi\/blog\/wp-json\/wp\/v2\/users\/1"}],"replies":[{"embeddable":true,"href":"https:\/\/muotitalomarilyn.fi\/blog\/wp-json\/wp\/v2\/comments?post=141"}],"version-history":[{"count":13,"href":"https:\/\/muotitalomarilyn.fi\/blog\/wp-json\/wp\/v2\/pages\/141\/revisions"}],"predecessor-version":[{"id":1417,"href":"https:\/\/muotitalomarilyn.fi\/blog\/wp-json\/wp\/v2\/pages\/141\/revisions\/1417"}],"wp:attachment":[{"href":"https:\/\/muotitalomarilyn.fi\/blog\/wp-json\/wp\/v2\/media?parent=141"}],"curies":[{"name":"wp","href":"https:\/\/api.w.org\/{rel}","templated":true}]}}